{"id":16,"date":"2024-10-17T18:54:50","date_gmt":"2024-10-17T18:54:50","guid":{"rendered":"https:\/\/viktoryafit.com\/?page_id=16"},"modified":"2024-11-17T18:07:42","modified_gmt":"2024-11-17T18:07:42","slug":"termeni-si-conditii","status":"publish","type":"page","link":"https:\/\/viktoryafit.com\/ru\/termeni-si-conditii\/","title":{"rendered":"\u041f\u0440\u0430\u0432\u0438\u043b\u0430 \u0438 \u0443\u0441\u043b\u043e\u0432\u0438\u044f"},"content":{"rendered":"<p style=\"text-align: right;\"><span style=\"font-weight: 400;\">Marketing Tech Premium SRL<\/span><\/p>\n<p style=\"text-align: right;\"><span style=\"font-weight: 400;\">IDNO:1022600005556<\/span><\/p>\n<p style=\"text-align: right;\"><span style=\"font-weight: 400;\">Adresa: str.Gheorghe Madan 30, ap.4<\/span><\/p>\n<p style=\"text-align: center;\"><a href=\"https:\/\/viktoryafit.com\/ru\/\"><b>https:\/\/viktoryafit.com\/<\/b><\/a><\/p>\n<p><a href=\"https:\/\/viktoryafit.com\/ru\/\"><i><span style=\"font-weight: 400;\">https:\/\/viktoryafit.com\/<\/span><\/i><\/a><span style=\"font-weight: 400;\"> este un magazin online de servicii de fitness \u0219i maratoane de sl\u0103bire oferite de Marketing Tech Premium SRL. Utilizarea site-ului \u0219i a serviciilor sale implic\u0103 acceptarea acestor termeni.<\/span><b><\/b><\/p>\n<ul>\n<li aria-level=\"1\"><b>Securitatea datelor cu caracter personal<\/b><\/li>\n<\/ul>\n<p><span style=\"font-weight: 400;\">Compania<\/span><span style=\"font-weight: 400;\"> Marketing Tech Premium SRL <\/span><span style=\"font-weight: 400;\">colecteaz\u0103, prelucreaz\u0103 \u0219i utilizeaz\u0103 datele cu caracter personal a clien\u021bilor. Aceste date vor fi colectate pe baza consim\u021b\u0103m\u00e2ntului clientul \u0219i se vor baza pe cerin\u021bele legale de furnizare a serviciilor solicitate. Compania <\/span><span style=\"font-weight: 400;\">\u00a0Marketing Tech Premium SRL<\/span><span style=\"font-weight: 400;\"> prelucreaz\u0103 datele cu caracter personal \u00een conformitate cu prevederile legisla\u021biei \u0219i \u00een conformitate cu Politic\u0103 de confiden\u021bialitate. Aceste date aferente Opera\u021biunii de plat\u0103 va include \u00eens\u0103 nu se va limita la Adresa IP a clientului, Numele clientului, Prenumele clientului, Telefonul clientului, Tipul Cardului, Numele clientului indicat pe card, Adresa email client, Valuta tranzac\u021biei, Informa\u021bii despre livrare.<\/span><b><\/b><\/p>\n<ul>\n<li aria-level=\"1\"><b>Serviciul suport<\/b><\/li>\n<\/ul>\n<p><span style=\"font-weight: 400;\">\u00a0Marketing Tech Premium SRL of<\/span><span style=\"font-weight: 400;\">er\u0103 clien\u0163ilor s\u0103i Serviciul suport la num\u0103rul de telef<\/span><span style=\"font-weight: 400;\">on +373 68525922.<\/span><span style=\"font-weight: 400;\"> Zilele de lucru a Serviciului suport Luni &#8211; Vineri, orele de lucru 09:00 &#8211; 17:00.<\/span><\/p>\n<p><span style=\"font-weight: 400;\">Serviciul suport ofer\u0103 consultarea clien\u0163ilor cu privire la serviciile oferite de Magazinul electronic, modalit\u0103\u0163ile de plat\u0103, de livrare \u015fi revocare a Opera\u021biunii de plat\u0103 \/Tranzac\u0163iilor practicate. Serviciul suport\u00a0 este obligat s\u0103 primeasc\u0103 de la Cump\u0103r\u0103tori reclama\u0163ii, s\u0103 asigure informarea acestora cu privire la statutul procesului de investiga\u0163ie a reclama\u0163iilor, \u015fi, dup\u0103 caz, s\u0103 asigure investigarea reclama\u021biilor.<\/span><\/p>\n<ul>\n<li aria-level=\"1\"><b>Cum cump\u0103r\u0103m? Tehnologia\u00a0 efectu\u0103rii cump\u0103r\u0103turii<\/b><\/li>\n<\/ul>\n<p><span style=\"font-weight: 400;\">Pe pagina produsului dorit, selecta\u021bi cantitatea \u0219i tipul produsului. Click pe butonul &#8222;CUMPARA\u201d, disponibil sub imaginile produselor. Introduce\u0163i datele de contact \u015fi datele livr\u0103rii m\u0103rfii:<\/span><\/p>\n<ul>\n<li style=\"font-weight: 400;\" aria-level=\"1\"><span style=\"font-weight: 400;\">Adresa po\u0219tei electronice al Cump\u0103r\u0103torului;<\/span><\/li>\n<li style=\"font-weight: 400;\" aria-level=\"1\"><span style=\"font-weight: 400;\">Num\u0103rul de telefon al Cump\u0103r\u0103torului;<\/span><\/li>\n<\/ul>\n<p><span style=\"font-weight: 400;\">\u00een cazul \u00een care V\u00e2nzarea presupune livrare, datele necesare pentru asigurarea cu succes a livr\u0103rii:<\/span><\/p>\n<ul>\n<li style=\"font-weight: 400;\" aria-level=\"1\"><span style=\"font-weight: 400;\">adresa de livrare;<\/span><\/li>\n<li style=\"font-weight: 400;\" aria-level=\"1\"><span style=\"font-weight: 400;\">numele, prenumele, num\u0103rul de telefon al Destinatarului \u00een cazul \u00een care acesta este diferit de Cump\u0103r\u0103tor.<\/span><\/li>\n<\/ul>\n<p><span style=\"font-weight: 400;\">Dup\u0103 care este necesar\u0103 selectarea metodei de plat\u0103.<\/span><\/p>\n<p><span style=\"font-weight: 400;\">Click pe &#8222;CUMPARA\u201d pentru a continua pe platforma de plat\u0103 securizat\u0103.<\/span><\/p>\n<ul>\n<li aria-level=\"1\"><b>Cum pl\u0103tim? Pa\u0219ii efectu\u0103rii tranzac\u021biei de plat\u0103<\/b><\/li>\n<\/ul>\n<p><span style=\"font-weight: 400;\">\u00cenaintea purcederii la perfectarea Opera\u021biunii de plat\u0103, to\u021bi parametrii \u0219i condi\u021biile de baz\u0103 ale V\u00e2nz\u0103rii direc\u021bionate spre achitare s\u0103 fie pus\u0103 la dispozi\u021bia Cump\u0103r\u0103torului:<\/span><\/p>\n<ul>\n<li style=\"font-weight: 400;\" aria-level=\"1\"><span style=\"font-weight: 400;\">identificatorul unic al Comenzii;<\/span><\/li>\n<li style=\"font-weight: 400;\" aria-level=\"1\"><span style=\"font-weight: 400;\">pre\u0163ul \u015fi cantitatea fiec\u0103rui produs\u00a0\/ serviciu din cadrul Tranzac\u021biei;<\/span><\/li>\n<\/ul>\n<p><span style=\"font-weight: 400;\">\u00een cazul \u00een care Tranzac\u021bia presupune livrare:<\/span><\/p>\n<ul>\n<li style=\"font-weight: 400;\" aria-level=\"1\"><span style=\"font-weight: 400;\">condi\u021biile livr\u0103rii \u2013 deplin sau doar referin\u0163\u0103 la Condi\u0163iile comerciale, iar \u00een cazul \u00een care Condi\u0163iile comerciale prev\u0103d diferite modalit\u0103\u0163i de livrare, atunci trebuie s\u0103 fie indicat\u0103 univoc \u015fi modalitatea livr\u0103rii aplicabil\u0103 acestei Tranzac\u021bii;\u00a0<\/span><\/li>\n<li style=\"font-weight: 400;\" aria-level=\"1\"><span style=\"font-weight: 400;\">datele livr\u0103rii (numele, prenumele, num\u0103rul de telefon ale Destinatarului, adresa livr\u0103rii);<\/span><\/li>\n<li style=\"font-weight: 400;\" aria-level=\"1\"><span style=\"font-weight: 400;\">pre\u0163ul livr\u0103rii, dac\u0103 se aplic\u0103 plata respectiv\u0103;<\/span><\/li>\n<li style=\"font-weight: 400;\" aria-level=\"1\"><span style=\"font-weight: 400;\">verific\u0103rile __________________ (denumirea documentului (ex., BI)) a Destinatarului, care urmeaz\u0103 a fi efectuate la predarea Coletului.<\/span><\/li>\n<li style=\"font-weight: 400;\" aria-level=\"1\"><span style=\"font-weight: 400;\">alte pl\u0103\u0163i dac\u0103 se aplic\u0103 \u00een cadrul acestei Tranzac\u021bii;<\/span><\/li>\n<li style=\"font-weight: 400;\" aria-level=\"1\"><span style=\"font-weight: 400;\">valoarea total\u0103 a comenzii, egal\u0103 cu suma Opera\u021biunii de plat\u0103 care va fi ini\u0163iat\u0103 de Comerciant pentru achitarea V\u00e2nz\u0103rii date;<\/span><\/li>\n<li style=\"font-weight: 400;\" aria-level=\"1\"><span style=\"font-weight: 400;\">referin\u021b\u0103 \u0219i link activ la Condi\u021biile comerciale;<\/span><\/li>\n<li style=\"font-weight: 400;\" aria-level=\"1\"><span style=\"font-weight: 400;\">alte condi\u0163ii speciale eventual aplicabile Tranzac\u021biei date.<\/span><\/li>\n<\/ul>\n<p><span style=\"font-weight: 400;\">Anterior ini\u021bierii Tranzac\u021biei de plat\u0103 Cump\u0103r\u0103torul trebuie s\u0103 prezinte acordul s\u0103u \u00een privin\u0163a Condi\u0163iilor comerciale prin bifarea punctului \u201eAm luat la cuno\u015ftin\u0163\u0103 \u015fi sunt de acord cu Condi\u0163iile comerciale\u201d.\u00a0<\/span><\/p>\n<p><span style=\"font-weight: 400;\">Plata se poate efectua prin intermediul instrumentelor de plat\u0103 oferite de \u201dPaynet Service\u201d SRL. Produsele comandate trebuie achitate integral, \u00een caz contrar nu se va efectua livrarea.\u00a0<\/span><\/p>\n<p><span style=\"font-weight: 400;\">Site-ul <\/span><span style=\"font-weight: 400;\">https:\/\/viktoryafit.com\/<\/span><span style=\"font-weight: 400;\"> este securizat, <\/span><span style=\"font-weight: 400;\">Marketing Tech Premium SRL <\/span><span style=\"font-weight: 400;\">nu p\u0103streaz\u0103 datele dvs. personale, a contului sau a cardului folosite \u00een efectuarea unei tranzac\u021bii online.<\/span><b><\/b><\/p>\n<ul>\n<li aria-level=\"1\"><b>Livrare \u0219i returnare<\/b><\/li>\n<\/ul>\n<p><span style=\"font-weight: 400;\">Marketing Tech Premium SRL<\/span><span style=\"font-weight: 400;\"> nu folose\u0219te servicii de curierat. Livrarea produsului se efectueaz\u0103 online pe adresa de email a cump\u0103r\u0103torului. Termeni de livrare a Comenzilor sunt p\u00e2n\u0103 la 2 zile lucr\u0103toare.<\/span><\/p>\n<p><b><i>Returnare<\/i><\/b><\/p>\n<p><span style=\"font-weight: 400;\">\u00cen cazul \u00een care bunul\u00a0 a fost pierdut\u00a0 de c\u0103tre Cump\u0103r\u0103tor \u00een decurs de 30 zile, sau livrarea este imposibil\u0103 \/ nu a fost efectuat\u0103 \u00een limitele termenului maxim \/ nu a fost efectuat\u0103 \u00een termen de 30 (treizeci) zile din data confirm\u0103rii Opera\u021biunii de plat\u0103 respective, <\/span><span style=\"font-weight: 400;\">Marketing Tech Premium SRL<\/span><span style=\"font-weight: 400;\"> este obligat s\u0103 ini\u0163ieze Revocarea Opera\u021biunii de plat\u0103\/Tranzac\u0163ie respective, cu excep\u0163ia situa\u0163iilor \u00een care a fost primit de la Cump\u0103r\u0103tor acordul expres \u00een scris cu privire la prelungirea termenului de livrare.<\/span><\/p>\n<p><span style=\"font-weight: 400;\">Magazinul electronic <\/span><span style=\"font-weight: 400;\">https:\/\/viktoryafit.com\/<\/span><span style=\"font-weight: 400;\"> sau Cump\u0103r\u0103torul are posibilitate s\u0103 ini\u0163ieze at\u00e2t Revocarea Opera\u021biunii de plat\u0103\/Tranzac\u021biei \u00een sum\u0103 total\u0103, c\u00e2t \u015fi \u00een sum\u0103 par\u0163ial\u0103, reie\u015find din natura \u015fi cauza revoc\u0103rii<\/span><\/p>\n<p><b><i>Alte exemple de condi\u021bii de anulare a tranzac\u021biei:<\/i><\/b><\/p>\n<ul>\n<li style=\"font-weight: 400;\" aria-level=\"1\"><span style=\"font-weight: 400;\">Dup\u0103 introducerea de c\u0103tre beneficiar a datelor pl\u0103\u021bii, confirmarea \u0219i autorizarea efectu\u0103rii acesteia, nu va fi posibil\u0103 efectuarea modific\u0103rilor, revocarea pl\u0103\u021bii \u0219i returul mijloacelor financiare aferente acestei pl\u0103\u021bi.<\/span><\/li>\n<li style=\"font-weight: 400;\" aria-level=\"1\"><span style=\"font-weight: 400;\">Raporturile comerciale dintre beneficiar \u0219i <\/span><span style=\"font-weight: 400;\">Marketing Tech Premium SRL<\/span><span style=\"font-weight: 400;\"> sunt reglementate oficial de organele\u00a0privind protec\u021bia consumatorilor la \u00eencheierea \u0219i executarea contractelor la distan\u021b\u0103. Consumatorul are dreptul s\u0103 notifice \u00een scris comerciantului c\u0103 renun\u021b\u0103 la cump\u0103rare, f\u0103r\u0103 penalit\u0103\u021bi \u0219i f\u0103r\u0103 invocarea unui motiv, \u00een termen de 14 zile de la primirea produsului sau, \u00een cazul prest\u0103rilor de servicii, de la \u00eencheierea contractului.<\/span><\/li>\n<li style=\"font-weight: 400;\" aria-level=\"1\"><span style=\"font-weight: 400;\">Beneficiarul nu poate solicita rambursarea mijloacelor b\u0103ne\u0219ti transferat, iar Operatorul nu va lua \u00een considera\u021bie preten\u021biile Beneficiarului \u00een ce prive\u0219te rambursarea mijloacelor b\u0103ne\u0219ti.<\/span><\/li>\n<\/ul>\n<p><b>Politic\u0103 de confiden\u021bialitate<\/b><\/p>\n<p><span style=\"font-weight: 400;\">Confiden\u0163ialitatea datelor clien\u0163ilor este foarte important\u0103 pentru noi. <\/span><span style=\"font-weight: 400;\">Marketing Tech Premium SRL<\/span><span style=\"font-weight: 400;\"> \u00ee\u015fi respect\u0103 \u015fi protejeaz\u0103 clien\u0163ii. Modul de utilizare a informa\u0163iilor puse la dispozi\u0163ie de c\u0103tre clien\u0163i este prezentat \u00een continuare. Dac\u0103 se fac actualizari ale politicii de confiden\u0163ialitate, acestea vor fi publicate pe aceast\u0103 pagin\u0103. Ne rezerv\u0103m dreptul de a modifica aceast\u0103 politic\u0103 de confiden\u0163ialitate, \u00een orice moment.<\/span><\/p>\n<p><b>Dispozi\u021bii finale \u0219i judiciare<\/b><\/p>\n<p><span style=\"font-weight: 400;\">Orice litigiu ap\u0103rut \u00een leg\u0103tur\u0103 cu utilizarea acestui serviciu va fi rezolvat pe cale amiabil\u0103. La apari\u021bia unor conflicte \u00een timpul cump\u0103r\u0103rii, achit\u0103rii sau livr\u0103rii produselor procurate de la compania <\/span><span style=\"font-weight: 400;\">Marketing Tech Premium SRL<\/span><span style=\"font-weight: 400;\"> \u0219i care nu sunt reglementate printr-un punct al acestui act, vor fi solu\u021bionate pe cale amiabil\u0103, \u00een decurs de 30 zile lucr\u0103toare din momentul \u00een\u0219tiin\u021b\u0103rii \u00een form\u0103 scris\u0103 a problemei.<\/span><\/p>\n<p><span style=\"font-weight: 400;\">\u00cen cazul \u00een care conflictul nu poate fi solu\u021bionat pe cale amiabil\u0103, competen\u021ba revine instan\u021belor de judecat\u0103 din Republica Moldova. Fiind de acord cu ace\u0219ti termeni \u0219i condi\u021bii, clientul \u00ee\u0219i asum\u0103 \u00een totalitate aceste riscuri.<\/span><\/p>","protected":false},"excerpt":{"rendered":"<p>Marketing Tech Premium SRL IDNO:1022600005556 Adresa: str.Gheorghe Madan 30, ap.4 https:\/\/viktoryafit.com\/ https:\/\/viktoryafit.com\/ este un magazin online de servicii de fitness \u0219i maratoane de sl\u0103bire oferite de Marketing Tech Premium SRL. Utilizarea site-ului \u0219i a serviciilor sale implic\u0103 acceptarea acestor termeni. Securitatea datelor cu caracter personal Compania Marketing Tech Premium SRL colecteaz\u0103, prelucreaz\u0103 \u0219i utilizeaz\u0103 datele [&hellip;]<\/p>","protected":false},"author":1,"featured_media":0,"parent":0,"menu_order":0,"comment_status":"closed","ping_status":"closed","template":"","meta":{"_monsterinsights_skip_tracking":false,"_monsterinsights_sitenote_active":false,"_monsterinsights_sitenote_note":"","_monsterinsights_sitenote_category":0,"footnotes":""},"class_list":["post-16","page","type-page","status-publish","hentry"],"_links":{"self":[{"href":"https:\/\/viktoryafit.com\/ru\/wp-json\/wp\/v2\/pages\/16","targetHints":{"allow":["GET"]}}],"collection":[{"href":"https:\/\/viktoryafit.com\/ru\/wp-json\/wp\/v2\/pages"}],"about":[{"href":"https:\/\/viktoryafit.com\/ru\/wp-json\/wp\/v2\/types\/page"}],"author":[{"embeddable":true,"href":"https:\/\/viktoryafit.com\/ru\/wp-json\/wp\/v2\/users\/1"}],"replies":[{"embeddable":true,"href":"https:\/\/viktoryafit.com\/ru\/wp-json\/wp\/v2\/comments?post=16"}],"version-history":[{"count":6,"href":"https:\/\/viktoryafit.com\/ru\/wp-json\/wp\/v2\/pages\/16\/revisions"}],"predecessor-version":[{"id":914,"href":"https:\/\/viktoryafit.com\/ru\/wp-json\/wp\/v2\/pages\/16\/revisions\/914"}],"wp:attachment":[{"href":"https:\/\/viktoryafit.com\/ru\/wp-json\/wp\/v2\/media?parent=16"}],"curies":[{"name":"wp","href":"https:\/\/api.w.org\/{rel}","templated":true}]}}