{"id":17,"date":"2024-10-17T18:55:03","date_gmt":"2024-10-17T18:55:03","guid":{"rendered":"https:\/\/viktoryafit.com\/?page_id=17"},"modified":"2024-11-17T18:06:46","modified_gmt":"2024-11-17T18:06:46","slug":"politica-de-confidentialitate","status":"publish","type":"page","link":"https:\/\/viktoryafit.com\/ru\/politica-de-confidentialitate\/","title":{"rendered":"\u041f\u043e\u043b\u0438\u0442\u0438\u043a\u0430 \u043a\u043e\u043d\u0444\u0438\u0434\u0435\u043d\u0446\u0438\u0430\u043b\u044c\u043d\u043e\u0441\u0442\u0438"},"content":{"rendered":"<p><b>\u041f\u043e\u043b\u0438\u0442\u0438\u043a\u0430 \u043a\u043e\u043d\u0444\u0438\u0434\u0435\u043d\u0446\u0438\u0430\u043b\u044c\u043d\u043e\u0441\u0442\u0438<\/b><\/p>\n<p><span style=\"font-weight: 400;\">\u00cen timp ce naviga\u021bi web-site-ul <\/span><span style=\"font-weight: 400;\">https:\/\/viktoryafit.com\/<\/span><span style=\"font-weight: 400;\"> ne furniza\u021bi 2 tipuri de informa\u021bie: informa\u021bia personal\u0103 pe care o furniza\u021bi la momentul efectu\u0103rii cump\u0103r\u0103turilor (atunci, c\u00e2nd indica\u021bi datele personale despre numele, prenumele, adresa, num\u0103rul de telefon etc.) \u0219i informa\u021bia despre utilizarea site-ului nostru \u00een timp ce naviga\u021bi pe el (informa\u021bia se culege \u00een regimul independent cu ajutorul instrumentelor noastre de analizare.)<\/span><\/p>\n<p><b>Informa\u021bia personal\u0103<\/b><\/p>\n<p><span style=\"font-weight: 400;\">https:\/\/viktoryafit.com\/<\/span><span style=\"font-weight: 400;\"> nu va transmite informa\u021bia furnizat\u0103 de dvs. c\u0103tre ter\u021bi. Datele dvs. se vor p\u0103stra confiden\u021bial \u0219i nu sunt supuse v\u00e2nz\u0103rii sau schimbului.\u00a0<\/span><\/p>\n<p><b>Informa\u021bia despre utilizarea web-site-ului<\/b><\/p>\n<p><span style=\"font-weight: 400;\">La fel ca \u0219i alte site-uri comerciale, site-ul <\/span><span style=\"font-weight: 400;\">https:\/\/viktoryafit.com\/<\/span><span style=\"font-weight: 400;\"> utilizeaz\u0103 jurnale web pentru a colecta informa\u021bii despre modul \u00een care site-ul nostru este utilizat. Informa\u021biile colectate prin cookie-uri \u0219i jurnalele serverului web pot include data \u0219i ora vizitelor, paginile vizualizate, timpul petrecut pe site-ul nostru \u0219i site-urile vizitate chiar \u00eenainte \u0219i dup\u0103 site-ul nostru. Aceste informa\u021bii sunt colectate \u00een mod cumulativ. Niciuna dintre aceste informa\u021bii nu este asociat\u0103 cu dvs. fie ca persoan\u0103 fizic\u0103, fie ca utilizator individual.<\/span><\/p>\n<p><b>Ce prezint\u0103 fi\u0219iere Cookies?<\/b><\/p>\n<p><span style=\"font-weight: 400;\">Fi\u0219iere cookies sunt fi\u0219ierele mici, ce se p\u0103streaz\u0103 \u00een memoria calculatorului dvs. \u00een timp ce naviga\u021bi pe web-site-ul nostru. Cu ajutorul informa\u021biei care se depoziteaz\u0103 \u00een aceste fi\u0219iere cookies site-ul nostru memorizeaz\u0103 preferin\u021bele dvs. c\u00e2nd v\u0103 \u00eentoarce\u021bi pe web-site. Astfel site-ul se adapteaz\u0103 mai bine nevoilor dvs.<\/span><\/p>\n<p><span style=\"font-weight: 400;\">Dac\u0103 dori\u021bi sa deconecta\u021bi fi\u0219ierele cookies pute\u021bi s\u0103 modifica\u021bi set\u0103rile browser-ului dvs. Dar v\u0103 aducem la cuno\u0219tin\u021b\u0103, c\u0103 aceasta poate d\u0103una func\u021bion\u0103rii corecte a unor p\u0103r\u021bi importante a web-site-ului nostru. Aceasta poate d\u0103una la fel \u0219i furniz\u0103rii serviciilor noastre.<\/span><\/p>\n<p><b>Utilizarea informa\u021biei de pe web-site<\/b><\/p>\n<p><span style=\"font-weight: 400;\">Con\u021binutul acestui site poate fi utilizat de dvs. doar \u00een scopuri personale, informative \u0219i\/sau necomerciale \u0219i nu poate fi modificat de dvs. \u00een nici un fel. Cu excep\u021bia cazurilor men\u021bionate direct \u00een acest document, nu ave\u021bi dreptul s\u0103 utiliza\u021bi, s\u0103 \u00eenc\u0103rca\u021bi, s\u0103 publica\u021bi, s\u0103 copia\u021bi, s\u0103 tip\u0103ri\u021bi, s\u0103 afi\u0219a\u021bi, s\u0103 efectua\u021bi, s\u0103 reproduce\u021bi, s\u0103 licen\u021bia\u021bi, s\u0103 transmite\u021bi sau s\u0103 distribui\u021bi toate informa\u021biile din acest site integral sau par\u021bial f\u0103r\u0103 consim\u021b\u0103m\u00e2ntul prealabil scris al site-ului <\/span><span style=\"font-weight: 400;\">https:\/\/viktoryafit.com\/<\/span><span style=\"font-weight: 400;\">.<\/span><\/p>\n<p><b>Acord<\/b><\/p>\n<p><span style=\"font-weight: 400;\">Prin utilizarea site-ului <\/span><span style=\"font-weight: 400;\">https:\/\/viktoryafit.com\/ <\/span><span style=\"font-weight: 400;\">\u00a0sunte\u021bi de acord \u00een mod automat cu colectarea \u0219i utilizarea informa\u021biilor personale, a\u0219a cum este descris \u00een aceast\u0103 politic\u0103 de confiden\u021bialitate. Dac\u0103 ne schimb\u0103m politicile \u0219i procedurile de confiden\u021bialitate, vom posta aceste modific\u0103ri pe site-ul nostru, astfel \u00eenc\u00e2t s\u0103 \u0219ti\u021bi ce informa\u021bii colect\u0103m, cum le folosim \u0219i \u00een ce circumstan\u021be le putem dezv\u0103lui. Dac\u0103 nu sunte\u021bi de acord cu aceste modific\u0103ri, singurul remediu este s\u0103 opri\u021bi utilizarea site-ului <\/span><span style=\"font-weight: 400;\">https:\/\/viktoryafit.com\/<\/span><span style=\"font-weight: 400;\">.<\/span><\/p>","protected":false},"excerpt":{"rendered":"<p>Politica de Confiden\u021bialitate \u00cen timp ce naviga\u021bi web-site-ul https:\/\/viktoryafit.com\/ ne furniza\u021bi 2 tipuri de informa\u021bie: informa\u021bia personal\u0103 pe care o furniza\u021bi la momentul efectu\u0103rii cump\u0103r\u0103turilor (atunci, c\u00e2nd indica\u021bi datele personale despre numele, prenumele, adresa, num\u0103rul de telefon etc.) \u0219i informa\u021bia despre utilizarea site-ului nostru \u00een timp ce naviga\u021bi pe el (informa\u021bia se culege \u00een regimul [&hellip;]<\/p>","protected":false},"author":1,"featured_media":0,"parent":0,"menu_order":0,"comment_status":"closed","ping_status":"closed","template":"","meta":{"_monsterinsights_skip_tracking":false,"_monsterinsights_sitenote_active":false,"_monsterinsights_sitenote_note":"","_monsterinsights_sitenote_category":0,"footnotes":""},"class_list":["post-17","page","type-page","status-publish","hentry"],"_links":{"self":[{"href":"https:\/\/viktoryafit.com\/ru\/wp-json\/wp\/v2\/pages\/17","targetHints":{"allow":["GET"]}}],"collection":[{"href":"https:\/\/viktoryafit.com\/ru\/wp-json\/wp\/v2\/pages"}],"about":[{"href":"https:\/\/viktoryafit.com\/ru\/wp-json\/wp\/v2\/types\/page"}],"author":[{"embeddable":true,"href":"https:\/\/viktoryafit.com\/ru\/wp-json\/wp\/v2\/users\/1"}],"replies":[{"embeddable":true,"href":"https:\/\/viktoryafit.com\/ru\/wp-json\/wp\/v2\/comments?post=17"}],"version-history":[{"count":3,"href":"https:\/\/viktoryafit.com\/ru\/wp-json\/wp\/v2\/pages\/17\/revisions"}],"predecessor-version":[{"id":911,"href":"https:\/\/viktoryafit.com\/ru\/wp-json\/wp\/v2\/pages\/17\/revisions\/911"}],"wp:attachment":[{"href":"https:\/\/viktoryafit.com\/ru\/wp-json\/wp\/v2\/media?parent=17"}],"curies":[{"name":"wp","href":"https:\/\/api.w.org\/{rel}","templated":true}]}}